{"id":109,"date":"2023-01-25T01:01:48","date_gmt":"2023-01-25T00:01:48","guid":{"rendered":"http:\/\/lahsie.sk\/?page_id=109"},"modified":"2023-06-11T22:02:55","modified_gmt":"2023-06-11T20:02:55","slug":"nemam-cas","status":"publish","type":"page","link":"http:\/\/lahsie.sk\/?page_id=109","title":{"rendered":"NEM\u00c1M \u010cAS"},"content":{"rendered":"\n<p>S\u00fa dni, kedy neviete \u010do sk\u00f4r&#8230; \u010di u\u017e s\u00fa to dni, kedy ste vy\u0165a\u017een\u00fd v pr\u00e1ci, alebo let\u00edte s die\u0165a\u0165om k doktorke, ste chor\u00fd, alebo sa V\u00e1m len nechce&#8230; je to jedno, v\u00fdsledok je tak\u00fd, \u017ee to (a t\u00fdm mysl\u00edm jedlo) mus\u00edte d\u00e1ko vyrie\u0161i\u0165.  Tak sa po\u010fte in\u0161pirova\u0165. <\/p>\n\n\n\n<p>In\u0161pir\u00e1cie z ry\u017eovaru (resp. z jedn\u00e9ho hrnca) :<\/p>\n\n\n\n<p><a href=\"http:\/\/lahsie.sk\/?p=125\">Tekvicovo- hr\u00e1\u0161kov\u00e9 rizoto (z ry\u017eovaru) (lahsie.sk)<\/a><\/p>\n\n\n\n<p><a href=\"http:\/\/lahsie.sk\/?p=228\">Cestoviny pomodoro s baby \u0161pen\u00e1tom a hr\u00e1\u0161kom (z ry\u017eovaru) (lahsie.sk)<\/a><\/p>\n\n\n\n<p><a href=\"http:\/\/lahsie.sk\/?p=646\">\u010cerven\u00e1 kari \u0161o\u0161ovica (z ry\u017eovaru do 25 min.) &#8211; (lahsie.sk)<\/a><\/p>\n\n\n\n<p><a href=\"http:\/\/lahsie.sk\/?p=552\">Poh\u00e1nka s orechmi, tempehom a su\u0161en\u00fdmi paradajkami (z ry\u017eovaru) &#8211; (lahsie.sk)<\/a><\/p>\n\n\n\n<p><a href=\"http:\/\/lahsie.sk\/?p=633\">Buddha bowl \u2013 resp. zdrav\u00e1 miska z obilniny, strukoviny a zeleniny \u2013 (lahsie.sk)<\/a><\/p>\n\n\n\n<p><a href=\"http:\/\/lahsie.sk\/?p=498\">Cviklov\u00e9 rizoto ( z ry\u017eovaru) &#8211; (lahsie.sk)<\/a><\/p>\n\n\n\n<p><a href=\"http:\/\/lahsie.sk\/?p=85\">Cukinovo-\u0161pen\u00e1tovo-p\u0161enov\u00e9 rizoto (z ry\u017eovaru) (lahsie.sk)<\/a><\/p>\n\n\n\n<p><a href=\"http:\/\/lahsie.sk\/?p=401\">Celozrnn\u00e9 \u0161pagety s beluga \u0161o\u0161ovicou (z ry\u017eovaru) &#8211; (lahsie.sk)<\/a><\/p>\n\n\n\n<p><a href=\"http:\/\/lahsie.sk\/?p=421\">Mungo s tekvicou a \u010dervenou ry\u017eou (z ry\u017eovaru) &#8211; (lahsie.sk)<\/a><\/p>\n\n\n\n<p><a href=\"http:\/\/lahsie.sk\/?p=120\">Ry\u017ea s quinoou a kopou naparenej zeleniny (z ry\u017eovaru) (lahsie.sk)<\/a><\/p>\n\n\n\n<p>Ostatn\u00e9: <\/p>\n\n\n\n<p><a href=\"http:\/\/lahsie.sk\/?p=305\">C\u00edcer na smotane s poh\u00e1nkou (za 15 min\u00fat) (lahsie.sk)<\/a><\/p>\n\n\n\n<p><a href=\"http:\/\/lahsie.sk\/?p=466\">Ru\u017ei\u010dkov\u00fd kel s ry\u017eou a zeleninou &#8211; (lahsie.sk)<\/a><\/p>\n\n\n\n<p><a href=\"http:\/\/lahsie.sk\/?p=58\">Smotanov\u00e1 Beluga \u0161o\u0161ovica (lahsie.sk)<\/a><\/p>\n\n\n\n<p><a href=\"http:\/\/lahsie.sk\/?p=482\">NEbryndzov\u00e9 NEhalu\u0161ky (aneb Kr\u00fapy s dochuten\u00fdm \u00faden\u00fdm tofu) &#8211; (lahsie.sk)<\/a><\/p>\n\n\n\n<p><a href=\"http:\/\/lahsie.sk\/?p=279\">Tortilla plnen\u00e1 t\u00fdm, \u010do zostalo z obeda (lahsie.sk)<\/a><\/p>\n\n\n\n<p><a href=\"http:\/\/lahsie.sk\/?p=536\">NEvypr\u00e1\u017ean\u00fd karfiol &#8211; (lahsie.sk)<\/a><\/p>\n\n\n\n<p><a href=\"http:\/\/lahsie.sk\/?p=396\">Ovsen\u00e1 ka\u0161a &#8211; (lahsie.sk)<\/a> <\/p>\n\n\n\n<p><a href=\"http:\/\/lahsie.sk\/?p=596\">Chia \u201epuding\u201c (cez noc) &#8211; (lahsie.sk)<\/a><\/p>\n\n\n\n<p><a href=\"http:\/\/lahsie.sk\/?p=557\">Pizza kol\u00e1\u010d (z bieleho jogurtu a bez kysnutia) &#8211; (lahsie.sk)<\/a><\/p>\n\n\n\n<p><a href=\"http:\/\/lahsie.sk\/?p=624\">Pe\u010den\u00e9 tortilly \u2013 (lahsie.sk)<\/a><\/p>\n\n\n\n<p><a href=\"http:\/\/lahsie.sk\/?p=594\">Pe\u010den\u00e9 korenen\u00e9 biele fazu\u013eky \u2013 (lahsie.sk)<\/a><\/p>\n","protected":false},"excerpt":{"rendered":"<p>S\u00fa dni, kedy neviete \u010do sk\u00f4r&#8230; \u010di u\u017e s\u00fa to dni, kedy ste vy\u0165a\u017een\u00fd v pr\u00e1ci, alebo let\u00edte s die\u0165a\u0165om k doktorke, ste chor\u00fd, alebo sa V\u00e1m len nechce&#8230; je to jedno, v\u00fdsledok je tak\u00fd, \u017ee to (a t\u00fdm mysl\u00edm<\/p>\n","protected":false},"author":2,"featured_media":0,"parent":0,"menu_order":0,"comment_status":"closed","ping_status":"closed","template":"","meta":{"om_disable_all_campaigns":false,"_mi_skip_tracking":false},"aioseo_notices":[],"_links":{"self":[{"href":"http:\/\/lahsie.sk\/index.php?rest_route=\/wp\/v2\/pages\/109"}],"collection":[{"href":"http:\/\/lahsie.sk\/index.php?rest_route=\/wp\/v2\/pages"}],"about":[{"href":"http:\/\/lahsie.sk\/index.php?rest_route=\/wp\/v2\/types\/page"}],"author":[{"embeddable":true,"href":"http:\/\/lahsie.sk\/index.php?rest_route=\/wp\/v2\/users\/2"}],"replies":[{"embeddable":true,"href":"http:\/\/lahsie.sk\/index.php?rest_route=%2Fwp%2Fv2%2Fcomments&post=109"}],"version-history":[{"count":6,"href":"http:\/\/lahsie.sk\/index.php?rest_route=\/wp\/v2\/pages\/109\/revisions"}],"predecessor-version":[{"id":652,"href":"http:\/\/lahsie.sk\/index.php?rest_route=\/wp\/v2\/pages\/109\/revisions\/652"}],"wp:attachment":[{"href":"http:\/\/lahsie.sk\/index.php?rest_route=%2Fwp%2Fv2%2Fmedia&parent=109"}],"curies":[{"name":"wp","href":"https:\/\/api.w.org\/{rel}","templated":true}]}}